{"id":35,"date":"2016-11-29T01:21:42","date_gmt":"2016-11-29T01:21:42","guid":{"rendered":"https:\/\/oceanwp.org\/stylish\/?page_id=35"},"modified":"2025-08-18T15:36:27","modified_gmt":"2025-08-18T13:36:27","slug":"my-story","status":"publish","type":"page","link":"https:\/\/daweb.be\/index.php\/my-story\/","title":{"rendered":"Notre histoire"},"content":{"rendered":"\t\t<div data-elementor-type=\"wp-page\" data-elementor-id=\"35\" class=\"elementor elementor-35\">\n\t\t\t\t\t\t<section class=\"elementor-section elementor-top-section elementor-element elementor-element-d905555 elementor-section-content-middle elementor-section-boxed elementor-section-height-default elementor-section-height-default\" data-id=\"d905555\" data-element_type=\"section\" data-e-type=\"section\" data-settings=\"{&quot;background_background&quot;:&quot;classic&quot;}\">\n\t\t\t\t\t\t<div class=\"elementor-container elementor-column-gap-default\">\n\t\t\t\t\t<div class=\"elementor-column elementor-col-50 elementor-top-column elementor-element elementor-element-4721263\" data-id=\"4721263\" data-element_type=\"column\" data-e-type=\"column\">\n\t\t\t<div class=\"elementor-widget-wrap elementor-element-populated\">\n\t\t\t\t\t\t<div class=\"elementor-element elementor-element-d551e49 elementor-widget elementor-widget-image\" data-id=\"d551e49\" data-element_type=\"widget\" data-e-type=\"widget\" data-widget_type=\"image.default\">\n\t\t\t\t<div class=\"elementor-widget-container\">\n\t\t\t\t\t\t\t\t\t\t\t\t\t\t\t<img fetchpriority=\"high\" decoding=\"async\" width=\"2560\" height=\"1707\" src=\"https:\/\/daweb.be\/wp-content\/uploads\/2023\/08\/technology-785742-scaled.jpg\" class=\"attachment-full size-full wp-image-1618\" alt=\"\" srcset=\"https:\/\/daweb.be\/wp-content\/uploads\/2023\/08\/technology-785742-scaled.jpg 2560w, https:\/\/daweb.be\/wp-content\/uploads\/2023\/08\/technology-785742-300x200.jpg 300w, https:\/\/daweb.be\/wp-content\/uploads\/2023\/08\/technology-785742-1024x683.jpg 1024w, https:\/\/daweb.be\/wp-content\/uploads\/2023\/08\/technology-785742-768x512.jpg 768w, https:\/\/daweb.be\/wp-content\/uploads\/2023\/08\/technology-785742-1536x1024.jpg 1536w, https:\/\/daweb.be\/wp-content\/uploads\/2023\/08\/technology-785742-2048x1365.jpg 2048w\" sizes=\"(max-width: 2560px) 100vw, 2560px\" \/>\t\t\t\t\t\t\t\t\t\t\t\t\t\t\t<\/div>\n\t\t\t\t<\/div>\n\t\t\t\t\t<\/div>\n\t\t<\/div>\n\t\t\t\t<div class=\"elementor-column elementor-col-50 elementor-top-column elementor-element elementor-element-3eb99b5\" data-id=\"3eb99b5\" data-element_type=\"column\" data-e-type=\"column\">\n\t\t\t<div class=\"elementor-widget-wrap elementor-element-populated\">\n\t\t\t\t\t\t<div class=\"elementor-element elementor-element-dee63c6 elementor-widget elementor-widget-heading\" data-id=\"dee63c6\" data-element_type=\"widget\" data-e-type=\"widget\" data-widget_type=\"heading.default\">\n\t\t\t\t<div class=\"elementor-widget-container\">\n\t\t\t\t\t<h1 class=\"elementor-heading-title elementor-size-default\">Bienvenue chez Daweb !<\/h1>\t\t\t\t<\/div>\n\t\t\t\t<\/div>\n\t\t\t\t<div class=\"elementor-element elementor-element-f49fe8a elementor-widget__width-initial elementor-widget elementor-widget-text-editor\" data-id=\"f49fe8a\" data-element_type=\"widget\" data-e-type=\"widget\" data-widget_type=\"text-editor.default\">\n\t\t\t\t<div class=\"elementor-widget-container\">\n\t\t\t\t\t\t\t\t\t<p>Nous sommes une agence passionn\u00e9e par la cr\u00e9ation de sites web uniques et performants pour les entreprises d\u00e9butantes et interm\u00e9diaires. Notre objectif est de vous aider \u00e0 r\u00e9ussir en ligne en vous fournissant des solutions sur mesure qui correspondent \u00e0 votre vision et \u00e0 vos besoins.<\/p><p>Chez Daweb, nous croyons en la puissance d&rsquo;un site web bien con\u00e7u pour captiver vos visiteurs et convertir les prospects en clients fid\u00e8les. Nous combinons notre expertise en design, en d\u00e9veloppement web et en strat\u00e9gie num\u00e9rique pour cr\u00e9er des exp\u00e9riences en ligne exceptionnelles.<\/p>\t\t\t\t\t\t\t\t<\/div>\n\t\t\t\t<\/div>\n\t\t\t\t<div class=\"elementor-element elementor-element-227e63d elementor-align-left elementor-mobile-align-center elementor-widget elementor-widget-button\" data-id=\"227e63d\" data-element_type=\"widget\" data-e-type=\"widget\" data-widget_type=\"button.default\">\n\t\t\t\t<div class=\"elementor-widget-container\">\n\t\t\t\t\t\t\t\t\t<div class=\"elementor-button-wrapper\">\n\t\t\t\t\t<a class=\"elementor-button elementor-button-link elementor-size-lg\" href=\"https:\/\/daweb.be\/index.php\/contact\/\">\n\t\t\t\t\t\t<span class=\"elementor-button-content-wrapper\">\n\t\t\t\t\t\t\t\t\t<span class=\"elementor-button-text\">Contactez nous<\/span>\n\t\t\t\t\t<\/span>\n\t\t\t\t\t<\/a>\n\t\t\t\t<\/div>\n\t\t\t\t\t\t\t\t<\/div>\n\t\t\t\t<\/div>\n\t\t\t\t\t<\/div>\n\t\t<\/div>\n\t\t\t\t\t<\/div>\n\t\t<\/section>\n\t\t\t\t<section class=\"elementor-section elementor-top-section elementor-element elementor-element-58284dd elementor-section-boxed elementor-section-height-default elementor-section-height-default\" data-id=\"58284dd\" data-element_type=\"section\" data-e-type=\"section\" data-settings=\"{&quot;background_background&quot;:&quot;classic&quot;}\">\n\t\t\t\t\t\t<div class=\"elementor-container elementor-column-gap-default\">\n\t\t\t\t\t<div class=\"elementor-column elementor-col-100 elementor-top-column elementor-element elementor-element-4fea404\" data-id=\"4fea404\" data-element_type=\"column\" data-e-type=\"column\">\n\t\t\t<div class=\"elementor-widget-wrap elementor-element-populated\">\n\t\t\t\t\t\t<div class=\"elementor-element elementor-element-1303c2f elementor-widget elementor-widget-heading\" data-id=\"1303c2f\" data-element_type=\"widget\" data-e-type=\"widget\" data-widget_type=\"heading.default\">\n\t\t\t\t<div class=\"elementor-widget-container\">\n\t\t\t\t\t<h2 class=\"elementor-heading-title elementor-size-default\">Pour consulter les avis, retrouvez-nous sur<\/h2>\t\t\t\t<\/div>\n\t\t\t\t<\/div>\n\t\t\t\t<div class=\"elementor-element elementor-element-0615829 elementor-widget__width-initial elementor-widget elementor-widget-image\" data-id=\"0615829\" data-element_type=\"widget\" data-e-type=\"widget\" data-widget_type=\"image.default\">\n\t\t\t\t<div class=\"elementor-widget-container\">\n\t\t\t\t\t\t\t\t\t\t\t\t\t\t\t\t<a href=\"https:\/\/share.google\/iLNr8XMuZDIJxKxuP\" target=\"_blank\">\n\t\t\t\t\t\t\t<img decoding=\"async\" width=\"1024\" height=\"576\" src=\"https:\/\/daweb.be\/wp-content\/uploads\/2025\/08\/Google-Review-Logo-4179268339-1024x576-1.png\" class=\"elementor-animation-grow attachment-large size-large wp-image-2556\" alt=\"\" srcset=\"https:\/\/daweb.be\/wp-content\/uploads\/2025\/08\/Google-Review-Logo-4179268339-1024x576-1.png 1024w, https:\/\/daweb.be\/wp-content\/uploads\/2025\/08\/Google-Review-Logo-4179268339-1024x576-1-300x169.png 300w, https:\/\/daweb.be\/wp-content\/uploads\/2025\/08\/Google-Review-Logo-4179268339-1024x576-1-768x432.png 768w, https:\/\/daweb.be\/wp-content\/uploads\/2025\/08\/Google-Review-Logo-4179268339-1024x576-1-800x450.png 800w\" sizes=\"(max-width: 1024px) 100vw, 1024px\" \/>\t\t\t\t\t\t\t\t<\/a>\n\t\t\t\t\t\t\t\t\t\t\t\t\t\t\t<\/div>\n\t\t\t\t<\/div>\n\t\t\t\t\t<\/div>\n\t\t<\/div>\n\t\t\t\t\t<\/div>\n\t\t<\/section>\n\t\t\t\t<section class=\"elementor-section elementor-top-section elementor-element elementor-element-4cc645b elementor-section-boxed elementor-section-height-default elementor-section-height-default\" data-id=\"4cc645b\" data-element_type=\"section\" data-e-type=\"section\" data-settings=\"{&quot;background_background&quot;:&quot;classic&quot;}\">\n\t\t\t\t\t\t\t<div class=\"elementor-background-overlay\"><\/div>\n\t\t\t\t\t\t\t<div class=\"elementor-container elementor-column-gap-default\">\n\t\t\t\t\t<div class=\"elementor-column elementor-col-100 elementor-top-column elementor-element elementor-element-1d63df6\" data-id=\"1d63df6\" data-element_type=\"column\" data-e-type=\"column\">\n\t\t\t<div class=\"elementor-widget-wrap elementor-element-populated\">\n\t\t\t\t\t\t<div class=\"elementor-element elementor-element-c6f46b4 elementor-widget elementor-widget-heading\" data-id=\"c6f46b4\" data-element_type=\"widget\" data-e-type=\"widget\" data-widget_type=\"heading.default\">\n\t\t\t\t<div class=\"elementor-widget-container\">\n\t\t\t\t\t<h2 class=\"elementor-heading-title elementor-size-default\">Nos services<\/h2>\t\t\t\t<\/div>\n\t\t\t\t<\/div>\n\t\t\t\t<section class=\"elementor-section elementor-inner-section elementor-element elementor-element-1432e57 elementor-section-boxed elementor-section-height-default elementor-section-height-default\" data-id=\"1432e57\" data-element_type=\"section\" data-e-type=\"section\">\n\t\t\t\t\t\t<div class=\"elementor-container elementor-column-gap-default\">\n\t\t\t\t\t<div class=\"elementor-column elementor-col-33 elementor-inner-column elementor-element elementor-element-f740b11\" data-id=\"f740b11\" data-element_type=\"column\" data-e-type=\"column\">\n\t\t\t<div class=\"elementor-widget-wrap elementor-element-populated\">\n\t\t\t\t\t\t<div class=\"elementor-element elementor-element-d017466 elementor-position-top elementor-widget elementor-widget-image-box\" data-id=\"d017466\" data-element_type=\"widget\" data-e-type=\"widget\" data-settings=\"{&quot;_animation&quot;:&quot;none&quot;}\" data-widget_type=\"image-box.default\">\n\t\t\t\t<div class=\"elementor-widget-container\">\n\t\t\t\t\t<div class=\"elementor-image-box-wrapper\"><figure class=\"elementor-image-box-img\"><img decoding=\"async\" width=\"778\" height=\"403\" src=\"https:\/\/daweb.be\/wp-content\/uploads\/2025\/06\/site-responsive.png\" class=\"attachment-full size-full wp-image-2388\" alt=\"\" srcset=\"https:\/\/daweb.be\/wp-content\/uploads\/2025\/06\/site-responsive.png 778w, https:\/\/daweb.be\/wp-content\/uploads\/2025\/06\/site-responsive-300x155.png 300w, https:\/\/daweb.be\/wp-content\/uploads\/2025\/06\/site-responsive-768x398.png 768w\" sizes=\"(max-width: 778px) 100vw, 778px\" \/><\/figure><div class=\"elementor-image-box-content\"><h3 class=\"elementor-image-box-title\">Cr\u00e9ation de site web<\/h3><p class=\"elementor-image-box-description\">Sites modernes, optimis\u00e9s SEO, adapt\u00e9s aux mobiles et faciles \u00e0 g\u00e9rer. Maintenance et mises \u00e0 jour possible pour une tranquillit\u00e9 totale.<\/p><\/div><\/div>\t\t\t\t<\/div>\n\t\t\t\t<\/div>\n\t\t\t\t\t<\/div>\n\t\t<\/div>\n\t\t\t\t<div class=\"elementor-column elementor-col-33 elementor-inner-column elementor-element elementor-element-224dac0\" data-id=\"224dac0\" data-element_type=\"column\" data-e-type=\"column\">\n\t\t\t<div class=\"elementor-widget-wrap elementor-element-populated\">\n\t\t\t\t\t\t<div class=\"elementor-element elementor-element-04f5dfe elementor-position-top elementor-widget elementor-widget-image-box\" data-id=\"04f5dfe\" data-element_type=\"widget\" data-e-type=\"widget\" data-widget_type=\"image-box.default\">\n\t\t\t\t<div class=\"elementor-widget-container\">\n\t\t\t\t\t<div class=\"elementor-image-box-wrapper\"><figure class=\"elementor-image-box-img\"><img loading=\"lazy\" decoding=\"async\" width=\"1772\" height=\"1181\" src=\"https:\/\/daweb.be\/wp-content\/uploads\/2025\/06\/meta-ads-google-ads.webp\" class=\"attachment-full size-full wp-image-2387\" alt=\"\" srcset=\"https:\/\/daweb.be\/wp-content\/uploads\/2025\/06\/meta-ads-google-ads.webp 1772w, https:\/\/daweb.be\/wp-content\/uploads\/2025\/06\/meta-ads-google-ads-300x200.webp 300w, https:\/\/daweb.be\/wp-content\/uploads\/2025\/06\/meta-ads-google-ads-1024x682.webp 1024w, https:\/\/daweb.be\/wp-content\/uploads\/2025\/06\/meta-ads-google-ads-768x512.webp 768w, https:\/\/daweb.be\/wp-content\/uploads\/2025\/06\/meta-ads-google-ads-1536x1024.webp 1536w\" sizes=\"(max-width: 1772px) 100vw, 1772px\" \/><\/figure><div class=\"elementor-image-box-content\"><h3 class=\"elementor-image-box-title\">Publicit\u00e9 sur les r\u00e9seaux sociaux<\/h3><p class=\"elementor-image-box-description\">Campagnes cibl\u00e9es sur Facebook, Instagram &amp; Google. Strat\u00e9gie, visuels et gestion compl\u00e8te pour attirer plus de clients.<\/p><\/div><\/div>\t\t\t\t<\/div>\n\t\t\t\t<\/div>\n\t\t\t\t\t<\/div>\n\t\t<\/div>\n\t\t\t\t<div class=\"elementor-column elementor-col-33 elementor-inner-column elementor-element elementor-element-ebd5f19\" data-id=\"ebd5f19\" data-element_type=\"column\" data-e-type=\"column\">\n\t\t\t<div class=\"elementor-widget-wrap elementor-element-populated\">\n\t\t\t\t\t\t<div class=\"elementor-element elementor-element-71c5cd3 elementor-position-top elementor-widget elementor-widget-image-box\" data-id=\"71c5cd3\" data-element_type=\"widget\" data-e-type=\"widget\" data-widget_type=\"image-box.default\">\n\t\t\t\t<div class=\"elementor-widget-container\">\n\t\t\t\t\t<div class=\"elementor-image-box-wrapper\"><figure class=\"elementor-image-box-img\"><img loading=\"lazy\" decoding=\"async\" width=\"1920\" height=\"1080\" src=\"https:\/\/daweb.be\/wp-content\/uploads\/2025\/06\/service-info-varie.png\" class=\"attachment-full size-full wp-image-2389\" alt=\"\" srcset=\"https:\/\/daweb.be\/wp-content\/uploads\/2025\/06\/service-info-varie.png 1920w, https:\/\/daweb.be\/wp-content\/uploads\/2025\/06\/service-info-varie-300x169.png 300w, https:\/\/daweb.be\/wp-content\/uploads\/2025\/06\/service-info-varie-1024x576.png 1024w, https:\/\/daweb.be\/wp-content\/uploads\/2025\/06\/service-info-varie-768x432.png 768w, https:\/\/daweb.be\/wp-content\/uploads\/2025\/06\/service-info-varie-1536x864.png 1536w, https:\/\/daweb.be\/wp-content\/uploads\/2025\/06\/service-info-varie-800x450.png 800w\" sizes=\"(max-width: 1920px) 100vw, 1920px\" \/><\/figure><div class=\"elementor-image-box-content\"><h3 class=\"elementor-image-box-title\">Services informatiques vari\u00e9s<\/h3><p class=\"elementor-image-box-description\">D\u00e9pannage, installation, automatisation, s\u00e9curit\u00e9, conseil technique\u2026 Un service fiable pour particuliers et professionnels.<\/p><\/div><\/div>\t\t\t\t<\/div>\n\t\t\t\t<\/div>\n\t\t\t\t\t<\/div>\n\t\t<\/div>\n\t\t\t\t\t<\/div>\n\t\t<\/section>\n\t\t\t\t\t<\/div>\n\t\t<\/div>\n\t\t\t\t\t<\/div>\n\t\t<\/section>\n\t\t\t\t<\/div>\n\t\t","protected":false},"excerpt":{"rendered":"<p>Bienvenue chez Daweb ! Nous sommes une agence passionn\u00e9e par la cr\u00e9ation de sites web uniques et performants pour les entreprises d\u00e9butantes et interm\u00e9diaires. Notre objectif est de vous aider \u00e0 r\u00e9ussir en ligne en vous fournissant des solutions sur mesure qui correspondent \u00e0 votre vision et \u00e0 vos besoins. Chez Daweb, nous croyons en [&hellip;]<\/p>\n","protected":false},"author":1,"featured_media":0,"parent":0,"menu_order":0,"comment_status":"closed","ping_status":"closed","template":"","meta":{"ocean_post_layout":"full-screen","ocean_both_sidebars_style":"","ocean_both_sidebars_content_width":0,"ocean_both_sidebars_sidebars_width":0,"ocean_sidebar":"0","ocean_second_sidebar":"0","ocean_disable_margins":"enable","ocean_add_body_class":"","ocean_shortcode_before_top_bar":"","ocean_shortcode_after_top_bar":"","ocean_shortcode_before_header":"","ocean_shortcode_after_header":"","ocean_has_shortcode":"","ocean_shortcode_after_title":"","ocean_shortcode_before_footer_widgets":"","ocean_shortcode_after_footer_widgets":"","ocean_shortcode_before_footer_bottom":"","ocean_shortcode_after_footer_bottom":"","ocean_display_top_bar":"default","ocean_display_header":"default","ocean_header_style":"","ocean_center_header_left_menu":"0","ocean_custom_header_template":"0","ocean_custom_logo":0,"ocean_custom_retina_logo":0,"ocean_custom_logo_max_width":0,"ocean_custom_logo_tablet_max_width":0,"ocean_custom_logo_mobile_max_width":0,"ocean_custom_logo_max_height":0,"ocean_custom_logo_tablet_max_height":0,"ocean_custom_logo_mobile_max_height":0,"ocean_header_custom_menu":"0","ocean_menu_typo_font_family":"0","ocean_menu_typo_font_subset":"","ocean_menu_typo_font_size":0,"ocean_menu_typo_font_size_tablet":0,"ocean_menu_typo_font_size_mobile":0,"ocean_menu_typo_font_size_unit":"px","ocean_menu_typo_font_weight":"","ocean_menu_typo_font_weight_tablet":"","ocean_menu_typo_font_weight_mobile":"","ocean_menu_typo_transform":"","ocean_menu_typo_transform_tablet":"","ocean_menu_typo_transform_mobile":"","ocean_menu_typo_line_height":0,"ocean_menu_typo_line_height_tablet":0,"ocean_menu_typo_line_height_mobile":0,"ocean_menu_typo_line_height_unit":"","ocean_menu_typo_spacing":0,"ocean_menu_typo_spacing_tablet":0,"ocean_menu_typo_spacing_mobile":0,"ocean_menu_typo_spacing_unit":"","ocean_menu_link_color":"","ocean_menu_link_color_hover":"","ocean_menu_link_color_active":"","ocean_menu_link_background":"","ocean_menu_link_hover_background":"","ocean_menu_link_active_background":"","ocean_menu_social_links_bg":"","ocean_menu_social_hover_links_bg":"","ocean_menu_social_links_color":"","ocean_menu_social_hover_links_color":"","ocean_disable_title":"on","ocean_disable_heading":"on","ocean_post_title":"","ocean_post_subheading":"","ocean_post_title_style":"","ocean_post_title_background_color":"","ocean_post_title_background":0,"ocean_post_title_bg_image_position":"","ocean_post_title_bg_image_attachment":"","ocean_post_title_bg_image_repeat":"","ocean_post_title_bg_image_size":"","ocean_post_title_height":0,"ocean_post_title_bg_overlay":0.5,"ocean_post_title_bg_overlay_color":"","ocean_disable_breadcrumbs":"off","ocean_breadcrumbs_color":"","ocean_breadcrumbs_separator_color":"","ocean_breadcrumbs_links_color":"","ocean_breadcrumbs_links_hover_color":"","ocean_display_footer_widgets":"on","ocean_display_footer_bottom":"default","ocean_custom_footer_template":"478","footnotes":""},"class_list":["post-35","page","type-page","status-publish","hentry","entry"],"aioseo_notices":[],"_links":{"self":[{"href":"https:\/\/daweb.be\/index.php\/wp-json\/wp\/v2\/pages\/35","targetHints":{"allow":["GET"]}}],"collection":[{"href":"https:\/\/daweb.be\/index.php\/wp-json\/wp\/v2\/pages"}],"about":[{"href":"https:\/\/daweb.be\/index.php\/wp-json\/wp\/v2\/types\/page"}],"author":[{"embeddable":true,"href":"https:\/\/daweb.be\/index.php\/wp-json\/wp\/v2\/users\/1"}],"replies":[{"embeddable":true,"href":"https:\/\/daweb.be\/index.php\/wp-json\/wp\/v2\/comments?post=35"}],"version-history":[{"count":115,"href":"https:\/\/daweb.be\/index.php\/wp-json\/wp\/v2\/pages\/35\/revisions"}],"predecessor-version":[{"id":2566,"href":"https:\/\/daweb.be\/index.php\/wp-json\/wp\/v2\/pages\/35\/revisions\/2566"}],"wp:attachment":[{"href":"https:\/\/daweb.be\/index.php\/wp-json\/wp\/v2\/media?parent=35"}],"curies":[{"name":"wp","href":"https:\/\/api.w.org\/{rel}","templated":true}]}}