{"id":1009,"date":"2023-07-07T19:31:25","date_gmt":"2023-07-07T17:31:25","guid":{"rendered":"https:\/\/daweb.be\/?page_id=1009"},"modified":"2024-12-03T20:10:13","modified_gmt":"2024-12-03T19:10:13","slug":"les-conditions-dutilisation","status":"publish","type":"page","link":"https:\/\/daweb.be\/index.php\/les-conditions-dutilisation\/","title":{"rendered":"Les conditions d&rsquo;utilisation"},"content":{"rendered":"\t\t<div data-elementor-type=\"wp-page\" data-elementor-id=\"1009\" class=\"elementor elementor-1009\">\n\t\t\t\t\t\t<section class=\"elementor-section elementor-top-section elementor-element elementor-element-197e937 elementor-section-boxed elementor-section-height-default elementor-section-height-default\" data-id=\"197e937\" data-element_type=\"section\" data-e-type=\"section\" data-settings=\"{&quot;background_background&quot;:&quot;classic&quot;}\">\n\t\t\t\t\t\t<div class=\"elementor-container elementor-column-gap-default\">\n\t\t\t\t\t<div class=\"elementor-column elementor-col-100 elementor-top-column elementor-element elementor-element-f99d209\" data-id=\"f99d209\" data-element_type=\"column\" data-e-type=\"column\">\n\t\t\t<div class=\"elementor-widget-wrap elementor-element-populated\">\n\t\t\t\t\t\t<div class=\"elementor-element elementor-element-73914fc elementor-widget elementor-widget-heading\" data-id=\"73914fc\" data-element_type=\"widget\" data-e-type=\"widget\" data-widget_type=\"heading.default\">\n\t\t\t\t<div class=\"elementor-widget-container\">\n\t\t\t\t\t<h2 class=\"elementor-heading-title elementor-size-default\">Conditions d'utilisation<\/h2>\t\t\t\t<\/div>\n\t\t\t\t<\/div>\n\t\t\t\t<div class=\"elementor-element elementor-element-ce829cf elementor-widget elementor-widget-text-editor\" data-id=\"ce829cf\" data-element_type=\"widget\" data-e-type=\"widget\" data-widget_type=\"text-editor.default\">\n\t\t\t\t<div class=\"elementor-widget-container\">\n\t\t\t\t\t\t\t\t\t<p>En acc\u00e9dant et en utilisant le site web de l&rsquo;agence DaWeb, vous acceptez les pr\u00e9sentes conditions d&rsquo;utilisation dans leur int\u00e9gralit\u00e9. Si vous n&rsquo;acceptez pas ces conditions, veuillez ne pas utiliser notre site.<\/p><p><strong>Utilisation du site web<\/strong><br \/>a. Vous acceptez d&rsquo;utiliser notre site web uniquement \u00e0 des fins l\u00e9gales et conform\u00e9ment aux pr\u00e9sentes conditions d&rsquo;utilisation.<br \/>b. Vous vous engagez \u00e0 ne pas utiliser notre site d&rsquo;une mani\u00e8re qui pourrait causer des dommages, une interruption ou une alt\u00e9ration du site ou de son fonctionnement.<br \/>c. Vous acceptez de ne pas tenter d&rsquo;acc\u00e9der \u00e0 des zones s\u00e9curis\u00e9es ou restreintes du site sans autorisation.<\/p><p><strong>Propri\u00e9t\u00e9 intellectuelle<\/strong><br \/>a. Tout le contenu pr\u00e9sent sur notre site web, y compris, mais sans s&rsquo;y limiter, les textes, les images, les graphiques, les logos et les vid\u00e9os, est la propri\u00e9t\u00e9 exclusive de l&rsquo;agence DaWeb ou de ses partenaires. Toute reproduction ou utilisation non autoris\u00e9e est strictement interdite.<br \/>b. Vous pouvez utiliser le contenu du site web uniquement pour votre usage personnel et non commercial.<\/p><p><strong>Liens vers des sites tiers<\/strong><br \/>a. Notre site web peut contenir des liens vers des sites web de tiers. Ces liens sont fournis uniquement \u00e0 titre informatif et nous n&rsquo;endossons ni ne contr\u00f4lons le contenu de ces sites.<br \/>b. Nous d\u00e9clinons toute responsabilit\u00e9 concernant les informations, les produits, les services ou les pratiques de ces sites tiers.<\/p><p><strong>Limitation de responsabilit\u00e9<\/strong><br \/>a. Nous nous effor\u00e7ons de fournir des informations pr\u00e9cises et \u00e0 jour sur notre site web, mais nous ne garantissons pas l&rsquo;exactitude, l&rsquo;exhaustivit\u00e9 ou la pertinence des informations fournies.<br \/>b. Nous ne serons pas responsables des dommages directs, indirects, cons\u00e9cutifs ou sp\u00e9ciaux d\u00e9coulant de l&rsquo;utilisation ou de l&rsquo;impossibilit\u00e9 d&rsquo;utiliser notre site web.<\/p><p><strong>Modifications des conditions d&rsquo;utilisation<\/strong><br \/>Nous nous r\u00e9servons le droit de modifier ces conditions d&rsquo;utilisation \u00e0 tout moment. Les modifications prendront effet d\u00e8s leur publication sur notre site. Il est de votre responsabilit\u00e9 de consulter r\u00e9guli\u00e8rement les conditions d&rsquo;utilisation pour prendre connaissance des \u00e9ventuelles mises \u00e0 jour.<\/p><p><strong>Contact<\/strong><br \/>Si vous avez des questions ou des pr\u00e9occupations concernant les conditions d&rsquo;utilisation, veuillez nous contacter \u00e0 l&rsquo;adresse suivante : contact@daweb.be.<\/p><p>En utilisant notre site web, vous acceptez pleinement et sans r\u00e9serve les pr\u00e9sentes conditions d&rsquo;utilisation.<\/p><p>Ces conditions d&rsquo;utilisation sont en vigueur \u00e0 partir de 09\/07\/2023.<\/p>\t\t\t\t\t\t\t\t<\/div>\n\t\t\t\t<\/div>\n\t\t\t\t\t<\/div>\n\t\t<\/div>\n\t\t\t\t\t<\/div>\n\t\t<\/section>\n\t\t\t\t<\/div>\n\t\t","protected":false},"excerpt":{"rendered":"<p>Conditions d&rsquo;utilisation En acc\u00e9dant et en utilisant le site web de l&rsquo;agence DaWeb, vous acceptez les pr\u00e9sentes conditions d&rsquo;utilisation dans leur int\u00e9gralit\u00e9. Si vous n&rsquo;acceptez pas ces conditions, veuillez ne pas utiliser notre site. Utilisation du site weba. Vous acceptez d&rsquo;utiliser notre site web uniquement \u00e0 des fins l\u00e9gales et conform\u00e9ment aux pr\u00e9sentes conditions d&rsquo;utilisation.b. [&hellip;]<\/p>\n","protected":false},"author":1,"featured_media":0,"parent":0,"menu_order":0,"comment_status":"closed","ping_status":"closed","template":"","meta":{"ocean_post_layout":"full-screen","ocean_both_sidebars_style":"","ocean_both_sidebars_content_width":0,"ocean_both_sidebars_sidebars_width":0,"ocean_sidebar":"0","ocean_second_sidebar":"0","ocean_disable_margins":"enable","ocean_add_body_class":"","ocean_shortcode_before_top_bar":"","ocean_shortcode_after_top_bar":"","ocean_shortcode_before_header":"","ocean_shortcode_after_header":"","ocean_has_shortcode":"","ocean_shortcode_after_title":"","ocean_shortcode_before_footer_widgets":"","ocean_shortcode_after_footer_widgets":"","ocean_shortcode_before_footer_bottom":"","ocean_shortcode_after_footer_bottom":"","ocean_display_top_bar":"default","ocean_display_header":"default","ocean_header_style":"","ocean_center_header_left_menu":"0","ocean_custom_header_template":"0","ocean_custom_logo":0,"ocean_custom_retina_logo":0,"ocean_custom_logo_max_width":0,"ocean_custom_logo_tablet_max_width":0,"ocean_custom_logo_mobile_max_width":0,"ocean_custom_logo_max_height":0,"ocean_custom_logo_tablet_max_height":0,"ocean_custom_logo_mobile_max_height":0,"ocean_header_custom_menu":"0","ocean_menu_typo_font_family":"0","ocean_menu_typo_font_subset":"","ocean_menu_typo_font_size":0,"ocean_menu_typo_font_size_tablet":0,"ocean_menu_typo_font_size_mobile":0,"ocean_menu_typo_font_size_unit":"px","ocean_menu_typo_font_weight":"","ocean_menu_typo_font_weight_tablet":"","ocean_menu_typo_font_weight_mobile":"","ocean_menu_typo_transform":"","ocean_menu_typo_transform_tablet":"","ocean_menu_typo_transform_mobile":"","ocean_menu_typo_line_height":0,"ocean_menu_typo_line_height_tablet":0,"ocean_menu_typo_line_height_mobile":0,"ocean_menu_typo_line_height_unit":"","ocean_menu_typo_spacing":0,"ocean_menu_typo_spacing_tablet":0,"ocean_menu_typo_spacing_mobile":0,"ocean_menu_typo_spacing_unit":"","ocean_menu_link_color":"","ocean_menu_link_color_hover":"","ocean_menu_link_color_active":"","ocean_menu_link_background":"","ocean_menu_link_hover_background":"","ocean_menu_link_active_background":"","ocean_menu_social_links_bg":"","ocean_menu_social_hover_links_bg":"","ocean_menu_social_links_color":"","ocean_menu_social_hover_links_color":"","ocean_disable_title":"on","ocean_disable_heading":"default","ocean_post_title":"","ocean_post_subheading":"","ocean_post_title_style":"","ocean_post_title_background_color":"","ocean_post_title_background":0,"ocean_post_title_bg_image_position":"","ocean_post_title_bg_image_attachment":"","ocean_post_title_bg_image_repeat":"","ocean_post_title_bg_image_size":"","ocean_post_title_height":0,"ocean_post_title_bg_overlay":0.5,"ocean_post_title_bg_overlay_color":"","ocean_disable_breadcrumbs":"off","ocean_breadcrumbs_color":"","ocean_breadcrumbs_separator_color":"","ocean_breadcrumbs_links_color":"","ocean_breadcrumbs_links_hover_color":"","ocean_display_footer_widgets":"default","ocean_display_footer_bottom":"default","ocean_custom_footer_template":"0","footnotes":""},"class_list":["post-1009","page","type-page","status-publish","hentry","entry"],"aioseo_notices":[],"_links":{"self":[{"href":"https:\/\/daweb.be\/index.php\/wp-json\/wp\/v2\/pages\/1009","targetHints":{"allow":["GET"]}}],"collection":[{"href":"https:\/\/daweb.be\/index.php\/wp-json\/wp\/v2\/pages"}],"about":[{"href":"https:\/\/daweb.be\/index.php\/wp-json\/wp\/v2\/types\/page"}],"author":[{"embeddable":true,"href":"https:\/\/daweb.be\/index.php\/wp-json\/wp\/v2\/users\/1"}],"replies":[{"embeddable":true,"href":"https:\/\/daweb.be\/index.php\/wp-json\/wp\/v2\/comments?post=1009"}],"version-history":[{"count":23,"href":"https:\/\/daweb.be\/index.php\/wp-json\/wp\/v2\/pages\/1009\/revisions"}],"predecessor-version":[{"id":2285,"href":"https:\/\/daweb.be\/index.php\/wp-json\/wp\/v2\/pages\/1009\/revisions\/2285"}],"wp:attachment":[{"href":"https:\/\/daweb.be\/index.php\/wp-json\/wp\/v2\/media?parent=1009"}],"curies":[{"name":"wp","href":"https:\/\/api.w.org\/{rel}","templated":true}]}}