{"id":1007,"date":"2023-07-07T19:29:27","date_gmt":"2023-07-07T17:29:27","guid":{"rendered":"https:\/\/daweb.be\/?page_id=1007"},"modified":"2024-12-03T20:11:07","modified_gmt":"2024-12-03T19:11:07","slug":"mentions-legales","status":"publish","type":"page","link":"https:\/\/daweb.be\/index.php\/mentions-legales\/","title":{"rendered":"Mentions l\u00e9gales"},"content":{"rendered":"\t\t<div data-elementor-type=\"wp-page\" data-elementor-id=\"1007\" class=\"elementor elementor-1007\">\n\t\t\t\t\t\t<section class=\"elementor-section elementor-top-section elementor-element elementor-element-d798a88 elementor-section-boxed elementor-section-height-default elementor-section-height-default\" data-id=\"d798a88\" data-element_type=\"section\" data-e-type=\"section\" data-settings=\"{&quot;background_background&quot;:&quot;classic&quot;}\">\n\t\t\t\t\t\t<div class=\"elementor-container elementor-column-gap-default\">\n\t\t\t\t\t<div class=\"elementor-column elementor-col-100 elementor-top-column elementor-element elementor-element-34a8653\" data-id=\"34a8653\" data-element_type=\"column\" data-e-type=\"column\">\n\t\t\t<div class=\"elementor-widget-wrap elementor-element-populated\">\n\t\t\t\t\t\t<div class=\"elementor-element elementor-element-eeebdce elementor-widget elementor-widget-heading\" data-id=\"eeebdce\" data-element_type=\"widget\" data-e-type=\"widget\" data-widget_type=\"heading.default\">\n\t\t\t\t<div class=\"elementor-widget-container\">\n\t\t\t\t\t<h2 class=\"elementor-heading-title elementor-size-default\">Mentions l\u00e9gales<\/h2>\t\t\t\t<\/div>\n\t\t\t\t<\/div>\n\t\t\t\t<div class=\"elementor-element elementor-element-1638e6d elementor-widget elementor-widget-text-editor\" data-id=\"1638e6d\" data-element_type=\"widget\" data-e-type=\"widget\" data-widget_type=\"text-editor.default\">\n\t\t\t\t<div class=\"elementor-widget-container\">\n\t\t\t\t\t\t\t\t\t<p>Adresse e-mail : contact@daweb.be<br \/>Adresse du site web : daweb.be<\/p><p>Propri\u00e9t\u00e9 intellectuelle :<br \/>Tous les contenus pr\u00e9sents sur le site de l&rsquo;agence DaWeb, incluant mais non limit\u00e9 aux textes, images, graphiques, logos, vid\u00e9os, ic\u00f4nes et logiciels, sont la propri\u00e9t\u00e9 exclusive de l&rsquo;agence DaWeb ou de ses partenaires. Toute reproduction, distribution, modification, transmission ou utilisation de ces \u00e9l\u00e9ments sans autorisation pr\u00e9alable \u00e9crite de l&rsquo;agence DaWeb est strictement interdite.<\/p><p>Responsabilit\u00e9 :<br \/>L&rsquo;agence DaWeb met tout en \u0153uvre pour s&rsquo;assurer de l&rsquo;exactitude et de la mise \u00e0 jour des informations pr\u00e9sentes sur son site web. Cependant, l&rsquo;agence DaWeb ne peut garantir l&rsquo;exactitude, l&rsquo;exhaustivit\u00e9 ou la pertinence des informations fournies. En cons\u00e9quence, l&rsquo;utilisation des informations pr\u00e9sentes sur le site se fait sous la responsabilit\u00e9 exclusive de l&rsquo;utilisateur.<\/p><p>Liens vers des sites tiers :<br \/>Le site de l&rsquo;agence DaWeb peut contenir des liens vers des sites web de tiers. Ces liens sont fournis uniquement \u00e0 titre informatif et l&rsquo;agence DaWeb n&rsquo;exerce aucun contr\u00f4le sur le contenu ou les pratiques de ces sites web. Par cons\u00e9quent, l&rsquo;agence DaWeb d\u00e9cline toute responsabilit\u00e9 concernant les informations, les produits, les services ou les pratiques de ces sites tiers.<\/p><p>Protection des donn\u00e9es personnelles :<br \/>L&rsquo;agence DaWeb s&rsquo;engage \u00e0 respecter la confidentialit\u00e9 des donn\u00e9es personnelles collect\u00e9es sur son site web. Pour en savoir plus sur notre politique de confidentialit\u00e9 et sur la mani\u00e8re dont nous traitons vos donn\u00e9es personnelles, veuillez consulter notre politique de confidentialit\u00e9.<\/p><p>Modification des mentions l\u00e9gales :<br \/>L&rsquo;agence DaWeb se r\u00e9serve le droit de modifier ces mentions l\u00e9gales \u00e0 tout moment. Les modifications prendront effet d\u00e8s leur publication sur le site. Il est recommand\u00e9 aux utilisateurs de consulter r\u00e9guli\u00e8rement les mentions l\u00e9gales pour prendre connaissance des \u00e9ventuelles mises \u00e0 jour.<\/p><p>Contact :<br \/>Pour toute question ou demande concernant les mentions l\u00e9gales, veuillez nous contacter \u00e0 l&rsquo;adresse suivante : contact@daweb.be.<\/p><p>Ces mentions l\u00e9gales sont en vigueur \u00e0 partir de 09\/07\/2023.<\/p>\t\t\t\t\t\t\t\t<\/div>\n\t\t\t\t<\/div>\n\t\t\t\t\t<\/div>\n\t\t<\/div>\n\t\t\t\t\t<\/div>\n\t\t<\/section>\n\t\t\t\t<\/div>\n\t\t","protected":false},"excerpt":{"rendered":"<p>Mentions l\u00e9gales Adresse e-mail : contact@daweb.beAdresse du site web : daweb.be Propri\u00e9t\u00e9 intellectuelle :Tous les contenus pr\u00e9sents sur le site de l&rsquo;agence DaWeb, incluant mais non limit\u00e9 aux textes, images, graphiques, logos, vid\u00e9os, ic\u00f4nes et logiciels, sont la propri\u00e9t\u00e9 exclusive de l&rsquo;agence DaWeb ou de ses partenaires. Toute reproduction, distribution, modification, transmission ou utilisation de [&hellip;]<\/p>\n","protected":false},"author":1,"featured_media":0,"parent":0,"menu_order":0,"comment_status":"closed","ping_status":"closed","template":"","meta":{"ocean_post_layout":"full-screen","ocean_both_sidebars_style":"","ocean_both_sidebars_content_width":0,"ocean_both_sidebars_sidebars_width":0,"ocean_sidebar":"0","ocean_second_sidebar":"0","ocean_disable_margins":"enable","ocean_add_body_class":"","ocean_shortcode_before_top_bar":"","ocean_shortcode_after_top_bar":"","ocean_shortcode_before_header":"","ocean_shortcode_after_header":"","ocean_has_shortcode":"","ocean_shortcode_after_title":"","ocean_shortcode_before_footer_widgets":"","ocean_shortcode_after_footer_widgets":"","ocean_shortcode_before_footer_bottom":"","ocean_shortcode_after_footer_bottom":"","ocean_display_top_bar":"default","ocean_display_header":"default","ocean_header_style":"","ocean_center_header_left_menu":"0","ocean_custom_header_template":"0","ocean_custom_logo":0,"ocean_custom_retina_logo":0,"ocean_custom_logo_max_width":0,"ocean_custom_logo_tablet_max_width":0,"ocean_custom_logo_mobile_max_width":0,"ocean_custom_logo_max_height":0,"ocean_custom_logo_tablet_max_height":0,"ocean_custom_logo_mobile_max_height":0,"ocean_header_custom_menu":"0","ocean_menu_typo_font_family":"0","ocean_menu_typo_font_subset":"","ocean_menu_typo_font_size":0,"ocean_menu_typo_font_size_tablet":0,"ocean_menu_typo_font_size_mobile":0,"ocean_menu_typo_font_size_unit":"px","ocean_menu_typo_font_weight":"","ocean_menu_typo_font_weight_tablet":"","ocean_menu_typo_font_weight_mobile":"","ocean_menu_typo_transform":"","ocean_menu_typo_transform_tablet":"","ocean_menu_typo_transform_mobile":"","ocean_menu_typo_line_height":0,"ocean_menu_typo_line_height_tablet":0,"ocean_menu_typo_line_height_mobile":0,"ocean_menu_typo_line_height_unit":"","ocean_menu_typo_spacing":0,"ocean_menu_typo_spacing_tablet":0,"ocean_menu_typo_spacing_mobile":0,"ocean_menu_typo_spacing_unit":"","ocean_menu_link_color":"","ocean_menu_link_color_hover":"","ocean_menu_link_color_active":"","ocean_menu_link_background":"","ocean_menu_link_hover_background":"","ocean_menu_link_active_background":"","ocean_menu_social_links_bg":"","ocean_menu_social_hover_links_bg":"","ocean_menu_social_links_color":"","ocean_menu_social_hover_links_color":"","ocean_disable_title":"on","ocean_disable_heading":"default","ocean_post_title":"","ocean_post_subheading":"","ocean_post_title_style":"","ocean_post_title_background_color":"","ocean_post_title_background":0,"ocean_post_title_bg_image_position":"","ocean_post_title_bg_image_attachment":"","ocean_post_title_bg_image_repeat":"","ocean_post_title_bg_image_size":"","ocean_post_title_height":0,"ocean_post_title_bg_overlay":0.5,"ocean_post_title_bg_overlay_color":"","ocean_disable_breadcrumbs":"off","ocean_breadcrumbs_color":"","ocean_breadcrumbs_separator_color":"","ocean_breadcrumbs_links_color":"","ocean_breadcrumbs_links_hover_color":"","ocean_display_footer_widgets":"default","ocean_display_footer_bottom":"default","ocean_custom_footer_template":"0","footnotes":""},"class_list":["post-1007","page","type-page","status-publish","hentry","entry"],"aioseo_notices":[],"_links":{"self":[{"href":"https:\/\/daweb.be\/index.php\/wp-json\/wp\/v2\/pages\/1007","targetHints":{"allow":["GET"]}}],"collection":[{"href":"https:\/\/daweb.be\/index.php\/wp-json\/wp\/v2\/pages"}],"about":[{"href":"https:\/\/daweb.be\/index.php\/wp-json\/wp\/v2\/types\/page"}],"author":[{"embeddable":true,"href":"https:\/\/daweb.be\/index.php\/wp-json\/wp\/v2\/users\/1"}],"replies":[{"embeddable":true,"href":"https:\/\/daweb.be\/index.php\/wp-json\/wp\/v2\/comments?post=1007"}],"version-history":[{"count":33,"href":"https:\/\/daweb.be\/index.php\/wp-json\/wp\/v2\/pages\/1007\/revisions"}],"predecessor-version":[{"id":2291,"href":"https:\/\/daweb.be\/index.php\/wp-json\/wp\/v2\/pages\/1007\/revisions\/2291"}],"wp:attachment":[{"href":"https:\/\/daweb.be\/index.php\/wp-json\/wp\/v2\/media?parent=1007"}],"curies":[{"name":"wp","href":"https:\/\/api.w.org\/{rel}","templated":true}]}}