{"id":1005,"date":"2023-07-07T19:28:53","date_gmt":"2023-07-07T17:28:53","guid":{"rendered":"https:\/\/daweb.be\/?page_id=1005"},"modified":"2024-12-03T20:10:46","modified_gmt":"2024-12-03T19:10:46","slug":"confidentialite","status":"publish","type":"page","link":"https:\/\/daweb.be\/index.php\/confidentialite\/","title":{"rendered":"Politique de confidentialit\u00e9"},"content":{"rendered":"\t\t<div data-elementor-type=\"wp-page\" data-elementor-id=\"1005\" class=\"elementor elementor-1005\">\n\t\t\t\t\t\t<section class=\"elementor-section elementor-top-section elementor-element elementor-element-95acfe2 elementor-section-boxed elementor-section-height-default elementor-section-height-default\" data-id=\"95acfe2\" data-element_type=\"section\" data-e-type=\"section\" data-settings=\"{&quot;background_background&quot;:&quot;classic&quot;}\">\n\t\t\t\t\t\t<div class=\"elementor-container elementor-column-gap-default\">\n\t\t\t\t\t<div class=\"elementor-column elementor-col-100 elementor-top-column elementor-element elementor-element-fab242d\" data-id=\"fab242d\" data-element_type=\"column\" data-e-type=\"column\">\n\t\t\t<div class=\"elementor-widget-wrap elementor-element-populated\">\n\t\t\t\t\t\t<div class=\"elementor-element elementor-element-d562a07 elementor-widget elementor-widget-heading\" data-id=\"d562a07\" data-element_type=\"widget\" data-e-type=\"widget\" data-widget_type=\"heading.default\">\n\t\t\t\t<div class=\"elementor-widget-container\">\n\t\t\t\t\t<h2 class=\"elementor-heading-title elementor-size-default\">Politique de confidentialit\u00e9:<\/h2>\t\t\t\t<\/div>\n\t\t\t\t<\/div>\n\t\t\t\t<div class=\"elementor-element elementor-element-bb2f184 elementor-widget elementor-widget-text-editor\" data-id=\"bb2f184\" data-element_type=\"widget\" data-e-type=\"widget\" data-widget_type=\"text-editor.default\">\n\t\t\t\t<div class=\"elementor-widget-container\">\n\t\t\t\t\t\t\t\t\t<p>Chez DaWeb, nous accordons une grande importance \u00e0 la confidentialit\u00e9 et \u00e0 la protection des donn\u00e9es personnelles de nos utilisateurs. Cette politique de confidentialit\u00e9 d\u00e9crit comment nous collectons, utilisons, stockons et prot\u00e9geons les informations personnelles que vous nous fournissez lorsque vous utilisez notre site web et nos services.<\/p><p><strong>Collecte et utilisation des informations :<\/strong><br \/>Lorsque vous utilisez notre site web, nous pouvons collecter certaines informations personnelles telles que votre nom, votre adresse e-mail, votre num\u00e9ro de t\u00e9l\u00e9phone, etc. Nous utilisons ces informations pour vous fournir les services demand\u00e9s, r\u00e9pondre \u00e0 vos questions et vous envoyer des informations pertinentes sur nos produits et services.<\/p><p><strong>Protection des informations :<\/strong><br \/>Nous prenons des mesures de s\u00e9curit\u00e9 appropri\u00e9es pour prot\u00e9ger vos informations personnelles contre tout acc\u00e8s non autoris\u00e9, toute divulgation, toute alt\u00e9ration ou destruction. Nous utilisons des protocoles de s\u00e9curit\u00e9 et des mesures de confidentialit\u00e9 pour prot\u00e9ger vos donn\u00e9es sensibles.<\/p><p><strong>Divulgation \u00e0 des tiers :<\/strong><br \/>Nous ne vendons pas, ne louons pas et ne partageons pas vos informations personnelles avec des tiers, sauf dans les cas suivants : lorsque cela est n\u00e9cessaire pour fournir les services demand\u00e9s, lorsque la loi l&rsquo;exige, ou avec votre consentement explicite.<\/p><p><strong>Cookies et technologies similaires :<\/strong><br \/>Nous utilisons des cookies et d&rsquo;autres technologies similaires pour am\u00e9liorer votre exp\u00e9rience sur notre site web et pour collecter des informations sur la mani\u00e8re dont vous interagissez avec notre site. Vous avez la possibilit\u00e9 de d\u00e9sactiver les cookies dans les param\u00e8tres de votre navigateur, mais cela peut affecter certaines fonctionnalit\u00e9s de notre site.<\/p><p><strong>Vos droits :<\/strong><br \/>Vous avez le droit d&rsquo;acc\u00e9der, de modifier, de corriger ou de supprimer les informations personnelles que nous d\u00e9tenons \u00e0 votre sujet. Vous pouvez exercer ces droits en nous contactant via les coordonn\u00e9es fournies ci-dessous.<\/p><p><strong>Modifications de la politique de confidentialit\u00e9 :<\/strong><br \/>Nous nous r\u00e9servons le droit de modifier cette politique de confidentialit\u00e9 \u00e0 tout moment. Les modifications prendront effet d\u00e8s leur publication sur notre site web. Nous vous encourageons \u00e0 consulter r\u00e9guli\u00e8rement cette page pour prendre connaissance des \u00e9ventuelles mises \u00e0 jour.<\/p><p><strong>Contactez-nous :<\/strong><br \/>Si vous avez des questions, des pr\u00e9occupations ou des demandes concernant notre politique de confidentialit\u00e9, n&rsquo;h\u00e9sitez pas \u00e0 nous contacter \u00e0 l&rsquo;adresse suivante : contact@daweb.be.<\/p><p>Cette politique de confidentialit\u00e9 est effective \u00e0 partir de 09\/07\/2023.<\/p><p>Nous vous remercions de votre confiance et de votre collaboration.<\/p><p>L&rsquo;\u00e9quipe de DaWeb<\/p>\t\t\t\t\t\t\t\t<\/div>\n\t\t\t\t<\/div>\n\t\t\t\t\t<\/div>\n\t\t<\/div>\n\t\t\t\t\t<\/div>\n\t\t<\/section>\n\t\t\t\t<\/div>\n\t\t","protected":false},"excerpt":{"rendered":"<p>Politique de confidentialit\u00e9: Chez DaWeb, nous accordons une grande importance \u00e0 la confidentialit\u00e9 et \u00e0 la protection des donn\u00e9es personnelles de nos utilisateurs. Cette politique de confidentialit\u00e9 d\u00e9crit comment nous collectons, utilisons, stockons et prot\u00e9geons les informations personnelles que vous nous fournissez lorsque vous utilisez notre site web et nos services. Collecte et utilisation des [&hellip;]<\/p>\n","protected":false},"author":1,"featured_media":0,"parent":0,"menu_order":0,"comment_status":"closed","ping_status":"closed","template":"","meta":{"ocean_post_layout":"full-screen","ocean_both_sidebars_style":"","ocean_both_sidebars_content_width":0,"ocean_both_sidebars_sidebars_width":0,"ocean_sidebar":"0","ocean_second_sidebar":"0","ocean_disable_margins":"enable","ocean_add_body_class":"","ocean_shortcode_before_top_bar":"","ocean_shortcode_after_top_bar":"","ocean_shortcode_before_header":"","ocean_shortcode_after_header":"","ocean_has_shortcode":"","ocean_shortcode_after_title":"","ocean_shortcode_before_footer_widgets":"","ocean_shortcode_after_footer_widgets":"","ocean_shortcode_before_footer_bottom":"","ocean_shortcode_after_footer_bottom":"","ocean_display_top_bar":"default","ocean_display_header":"default","ocean_header_style":"","ocean_center_header_left_menu":"0","ocean_custom_header_template":"0","ocean_custom_logo":0,"ocean_custom_retina_logo":0,"ocean_custom_logo_max_width":0,"ocean_custom_logo_tablet_max_width":0,"ocean_custom_logo_mobile_max_width":0,"ocean_custom_logo_max_height":0,"ocean_custom_logo_tablet_max_height":0,"ocean_custom_logo_mobile_max_height":0,"ocean_header_custom_menu":"0","ocean_menu_typo_font_family":"0","ocean_menu_typo_font_subset":"","ocean_menu_typo_font_size":0,"ocean_menu_typo_font_size_tablet":0,"ocean_menu_typo_font_size_mobile":0,"ocean_menu_typo_font_size_unit":"px","ocean_menu_typo_font_weight":"","ocean_menu_typo_font_weight_tablet":"","ocean_menu_typo_font_weight_mobile":"","ocean_menu_typo_transform":"","ocean_menu_typo_transform_tablet":"","ocean_menu_typo_transform_mobile":"","ocean_menu_typo_line_height":0,"ocean_menu_typo_line_height_tablet":0,"ocean_menu_typo_line_height_mobile":0,"ocean_menu_typo_line_height_unit":"","ocean_menu_typo_spacing":0,"ocean_menu_typo_spacing_tablet":0,"ocean_menu_typo_spacing_mobile":0,"ocean_menu_typo_spacing_unit":"","ocean_menu_link_color":"","ocean_menu_link_color_hover":"","ocean_menu_link_color_active":"","ocean_menu_link_background":"","ocean_menu_link_hover_background":"","ocean_menu_link_active_background":"","ocean_menu_social_links_bg":"","ocean_menu_social_hover_links_bg":"","ocean_menu_social_links_color":"","ocean_menu_social_hover_links_color":"","ocean_disable_title":"on","ocean_disable_heading":"default","ocean_post_title":"","ocean_post_subheading":"","ocean_post_title_style":"","ocean_post_title_background_color":"","ocean_post_title_background":0,"ocean_post_title_bg_image_position":"","ocean_post_title_bg_image_attachment":"","ocean_post_title_bg_image_repeat":"","ocean_post_title_bg_image_size":"","ocean_post_title_height":0,"ocean_post_title_bg_overlay":0.5,"ocean_post_title_bg_overlay_color":"","ocean_disable_breadcrumbs":"off","ocean_breadcrumbs_color":"","ocean_breadcrumbs_separator_color":"","ocean_breadcrumbs_links_color":"","ocean_breadcrumbs_links_hover_color":"","ocean_display_footer_widgets":"default","ocean_display_footer_bottom":"default","ocean_custom_footer_template":"0","footnotes":""},"class_list":["post-1005","page","type-page","status-publish","hentry","entry"],"aioseo_notices":[],"_links":{"self":[{"href":"https:\/\/daweb.be\/index.php\/wp-json\/wp\/v2\/pages\/1005","targetHints":{"allow":["GET"]}}],"collection":[{"href":"https:\/\/daweb.be\/index.php\/wp-json\/wp\/v2\/pages"}],"about":[{"href":"https:\/\/daweb.be\/index.php\/wp-json\/wp\/v2\/types\/page"}],"author":[{"embeddable":true,"href":"https:\/\/daweb.be\/index.php\/wp-json\/wp\/v2\/users\/1"}],"replies":[{"embeddable":true,"href":"https:\/\/daweb.be\/index.php\/wp-json\/wp\/v2\/comments?post=1005"}],"version-history":[{"count":64,"href":"https:\/\/daweb.be\/index.php\/wp-json\/wp\/v2\/pages\/1005\/revisions"}],"predecessor-version":[{"id":2288,"href":"https:\/\/daweb.be\/index.php\/wp-json\/wp\/v2\/pages\/1005\/revisions\/2288"}],"wp:attachment":[{"href":"https:\/\/daweb.be\/index.php\/wp-json\/wp\/v2\/media?parent=1005"}],"curies":[{"name":"wp","href":"https:\/\/api.w.org\/{rel}","templated":true}]}}